{"id":792,"date":"2018-06-28T01:33:21","date_gmt":"2018-06-28T04:33:21","guid":{"rendered":"https:\/\/isfdsalotti-cba.infd.edu.ar\/sitio\/plan-de-estudio-2\/"},"modified":"2023-08-16T22:03:05","modified_gmt":"2023-08-17T01:03:05","slug":"plan-de-estudio-2","status":"publish","type":"page","link":"https:\/\/isfdsalotti-cba.infd.edu.ar\/sitio\/plan-de-estudio-2\/","title":{"rendered":"Plan de Estudio"},"content":{"rendered":"<table style=\"border-color: #f505cd; margin-left: auto; margin-right: auto;\" border=\"1\" width=\"454\">\n<tbody>\n<tr style=\"height: 35px; background-color: #d98ede;\">\n<td style=\"height: 35px; width: 444px;\" colspan=\"2\">\n<p style=\"text-align: center;\"><strong>PRIMER A\u00d1O<\/strong><\/p>\n<\/td>\n<\/tr>\n<tr style=\"height: 35px;\">\n<td style=\"height: 35px; width: 444px;\" colspan=\"2\">\n<p style=\"text-align: center;\"><strong>CAMPO DE LA FORMACI\u00d3N GENERAL<\/strong><\/p>\n<\/td>\n<\/tr>\n<tr style=\"height: 35px;\">\n<td style=\"height: 35px; width: 329px;\"><span style=\"font-weight: 400;\">Pedagog\u00eda<\/span><\/td>\n<td style=\"height: 35px; width: 109px;\"><span style=\"font-weight: 400;\">Asignatura Anual<\/span><\/td>\n<\/tr>\n<tr style=\"height: 35px;\">\n<td style=\"height: 35px; width: 329px;\"><span style=\"font-weight: 400;\">Problem\u00e1ticas Socioantropol\u00f3gicas en Educaci\u00f3n<\/span><\/td>\n<td style=\"height: 35px; width: 109px;\"><span style=\"font-weight: 400;\">Seminario Anual<\/span><\/td>\n<\/tr>\n<tr style=\"height: 35px;\">\n<td style=\"height: 35px; width: 329px;\"><span style=\"font-weight: 400;\">Psicolog\u00eda y Educaci\u00f3n<\/span><\/td>\n<td style=\"height: 35px; width: 109px;\"><span style=\"font-weight: 400;\">Asignatura Anual<\/span><\/td>\n<\/tr>\n<tr style=\"height: 35px;\">\n<td style=\"height: 35px; width: 329px;\"><span style=\"font-weight: 400;\">Argentina en el Mundo Contempor\u00e1neo<\/span><\/td>\n<td style=\"height: 35px; width: 109px;\"><span style=\"font-weight: 400;\">Asignatura Anual<\/span><\/td>\n<\/tr>\n<tr style=\"height: 35px;\">\n<td style=\"height: 35px; width: 329px;\"><span style=\"font-weight: 400;\">Lenguaje Digital y Audiovisual<\/span><\/td>\n<td style=\"height: 35px; width: 109px;\"><span style=\"font-weight: 400;\">Taller Anual<\/span><\/td>\n<\/tr>\n<tr style=\"height: 35px;\">\n<td style=\"height: 35px; width: 329px;\"><span style=\"font-weight: 400;\">Lenguaje Corporal<\/span><\/td>\n<td style=\"height: 35px; width: 109px;\"><span style=\"font-weight: 400;\">Taller Anual<\/span><\/td>\n<\/tr>\n<tr style=\"height: 35px;\">\n<td style=\"height: 35px; width: 444px;\" colspan=\"2\">\n<p style=\"text-align: center;\"><strong>CAMPO DE LA PR\u00c1CTICA DOCENTE<\/strong><\/p>\n<\/td>\n<\/tr>\n<tr style=\"height: 59px;\">\n<td style=\"height: 59px; width: 329px;\"><span style=\"font-weight: 400;\">Pr\u00e1ctica Docente I: Contextos y Pr\u00e1cticas Educativas<\/span><\/td>\n<td style=\"height: 59px; width: 109px;\"><span style=\"font-weight: 400;\">Seminario Anual<\/span><\/p>\n<p><span style=\"font-weight: 400;\">Taller Integrador<\/span><\/td>\n<\/tr>\n<tr style=\"height: 35px;\">\n<td style=\"height: 35px; width: 444px;\" colspan=\"2\">\n<p style=\"text-align: center;\"><strong>CAMPO DE LA FORMACI\u00d3N ESPEC\u00cdFICA<\/strong><\/p>\n<\/td>\n<\/tr>\n<tr style=\"height: 35px;\">\n<td style=\"height: 35px; width: 329px;\"><span style=\"font-weight: 400;\">Educaci\u00f3n Inicial: Jard\u00edn Maternal<\/span><\/td>\n<td style=\"height: 35px; width: 109px;\"><span style=\"font-weight: 400;\">Asignatura Anual<\/span><\/td>\n<\/tr>\n<tr style=\"height: 35px;\">\n<td style=\"height: 35px; width: 329px;\"><span style=\"font-weight: 400;\">Oralidad, Lectura y Escritura<\/span><\/td>\n<td style=\"height: 35px; width: 109px;\"><span style=\"font-weight: 400;\">Taller Anual<\/span><\/td>\n<\/tr>\n<tr style=\"height: 35px;\">\n<td style=\"height: 35px; width: 329px;\"><span style=\"font-weight: 400;\">Educaci\u00f3n Art\u00edstica: M\u00fasica<\/span><\/p>\n<p>Alfabetizaci\u00f3n en Lengua Inglesa<\/td>\n<td style=\"height: 35px; width: 109px;\"><span style=\"font-weight: 400;\">Taller Anual<\/span><\/p>\n<p>Taller Anual<\/td>\n<\/tr>\n<\/tbody>\n<\/table>\n<table style=\"border-color: #eb05f7; height: 673px; margin-left: auto; margin-right: auto;\" border=\"1\" width=\"462\">\n<tbody>\n<tr style=\"background-color: #d98ede;\">\n<td style=\"width: 452px;\" colspan=\"2\">\n<p style=\"text-align: center;\"><strong>SEGUNDO A\u00d1O<\/strong><\/p>\n<\/td>\n<\/tr>\n<tr>\n<td style=\"width: 452px;\" colspan=\"2\">\n<p style=\"text-align: center;\"><strong>CAMPO DE LA FORMACI\u00d3N GENERAL<\/strong><\/p>\n<\/td>\n<\/tr>\n<tr>\n<td style=\"width: 319px;\"><span style=\"font-weight: 400;\">Filosof\u00eda y Educaci\u00f3n<\/span><\/td>\n<td style=\"width: 127px;\"><span style=\"font-weight: 400;\">Asignatura Anual<\/span><\/td>\n<\/tr>\n<tr>\n<td style=\"width: 319px;\"><span style=\"font-weight: 400;\">Did\u00e1ctica General<\/span><\/td>\n<td style=\"width: 127px;\"><span style=\"font-weight: 400;\">Asignatura Anual<\/span><\/td>\n<\/tr>\n<tr>\n<td style=\"width: 452px;\" colspan=\"2\">\n<p style=\"text-align: center;\"><strong>CAMPO DE LA PR\u00c1CTICA DOCENTE<\/strong><\/p>\n<\/td>\n<\/tr>\n<tr>\n<td style=\"width: 319px;\"><span style=\"font-weight: 400;\">Pr\u00e1ctica Docente II: Escuelas, Historias Documentadas y Cotidianeidad<\/span><\/td>\n<td style=\"width: 127px;\"><span style=\"font-weight: 400;\">Seminario Anual<\/span><\/p>\n<p><span style=\"font-weight: 400;\">Taller Integrador<\/span><\/td>\n<\/tr>\n<tr>\n<td style=\"width: 452px;\" colspan=\"2\">\n<p style=\"text-align: center;\"><strong>CAMPO DE LA FORMACI\u00d3N ESPEC\u00cdFICA<\/strong><\/p>\n<\/td>\n<\/tr>\n<tr>\n<td style=\"width: 319px;\"><span style=\"font-weight: 400;\">Desarrollo del Pensamiento Matem\u00e1tico<\/span><\/td>\n<td style=\"width: 127px;\"><span style=\"font-weight: 400;\">Taller Anual<\/span><\/td>\n<\/tr>\n<tr>\n<td style=\"width: 319px;\">\n<p style=\"text-align: left;\"><span style=\"font-weight: 400;\">Lengua y su did\u00e1ctica<\/span><\/p>\n<p><span style=\"font-weight: 400;\">Lengua \u00a0\u00a0<\/span><\/p>\n<p><span style=\"font-weight: 400;\">Alfabetizaci\u00f3n Inicial<\/span><\/td>\n<td style=\"width: 127px;\"><span style=\"font-weight: 400;\">Asignatura 1\u00b0 Cuatrimestre<\/span><\/p>\n<p><span style=\"font-weight: 400;\">Seminario 2\u00b0 Cuatrimestre<\/span><\/td>\n<\/tr>\n<tr>\n<td style=\"width: 319px;\"><span style=\"font-weight: 400;\">Ciencias Naturales y su Did\u00e1ctica<\/span><\/td>\n<td style=\"width: 127px;\"><span style=\"font-weight: 400;\">Asignatura Anual<\/span><\/td>\n<\/tr>\n<tr>\n<td style=\"width: 319px;\"><span style=\"font-weight: 400;\">Sujetos de la Educaci\u00f3n y Convivencia Escolar<\/span><\/td>\n<td style=\"width: 127px;\"><span style=\"font-weight: 400;\">Seminario Anual<\/span><\/td>\n<\/tr>\n<tr>\n<td style=\"width: 319px;\"><span style=\"font-weight: 400;\">Educaci\u00f3n Art\u00edstica: Pl\u00e1stica<\/span><\/td>\n<td style=\"width: 127px;\"><span style=\"font-weight: 400;\">Taller Anual<\/span><\/td>\n<\/tr>\n<tr>\n<td style=\"width: 319px;\"><span style=\"font-weight: 400;\">TIC y la Ense\u00f1anza en el Nivel Inicial<\/span><\/td>\n<td style=\"width: 127px;\"><span style=\"font-weight: 400;\">Taller Anual<\/span><\/td>\n<\/tr>\n<tr>\n<td style=\"width: 319px;\"><span style=\"font-weight: 400;\">Dise\u00f1o y Construcci\u00f3n de Material Did\u00e1ctico<\/span><\/p>\n<p>Seminario I: Educaci\u00f3n Rural<\/td>\n<td style=\"width: 127px;\"><span style=\"font-weight: 400;\">Taller Anual<\/span><\/p>\n<p>Seminario Anual<\/td>\n<\/tr>\n<\/tbody>\n<\/table>\n<table style=\"border-color: #f707e7; height: 563px; margin-left: auto; margin-right: auto;\" border=\"1\" width=\"464\">\n<tbody>\n<tr style=\"border-color: #d98ede; background-color: #d98ede;\">\n<td style=\"width: 454px;\" colspan=\"2\">\n<p style=\"text-align: center;\"><strong>TERCER A\u00d1O<\/strong><\/p>\n<\/td>\n<\/tr>\n<tr>\n<td style=\"width: 454px;\" colspan=\"2\">\n<p style=\"text-align: center;\"><strong>CAMPO DE LA FORMACI\u00d3N GENERAL<\/strong><\/p>\n<\/td>\n<\/tr>\n<tr>\n<td style=\"width: 316px;\"><span style=\"font-weight: 400;\">Historia y Pol\u00edtica de la Educaci\u00f3n Argentina<\/span><\/td>\n<td style=\"width: 132px;\"><span style=\"font-weight: 400;\">Asignatura Anual<\/span><\/td>\n<\/tr>\n<tr>\n<td style=\"width: 454px;\" colspan=\"2\">\n<p style=\"text-align: center;\"><strong>CAMPO DE LA PR\u00c1CTICA DOCENTE<\/strong><\/p>\n<\/td>\n<\/tr>\n<tr>\n<td style=\"width: 316px;\"><span style=\"font-weight: 400;\">Pr\u00e1ctica Docente III: La Sala: Espacio del Aprender y del Ense\u00f1ar<\/span><\/td>\n<td style=\"width: 132px;\"><span style=\"font-weight: 400;\">Seminario Anual<\/span><\/p>\n<p><span style=\"font-weight: 400;\">Taller Integrador<\/span><\/td>\n<\/tr>\n<tr>\n<td style=\"width: 454px;\" colspan=\"2\">\n<p style=\"text-align: center;\"><strong>CAMPO DE LA FORMACI\u00d3N ESPEC\u00cdFICA<\/strong><\/p>\n<\/td>\n<\/tr>\n<tr>\n<td style=\"width: 316px;\"><span style=\"font-weight: 400;\">Matem\u00e1tica y su Did\u00e1ctica<\/span><\/td>\n<td style=\"width: 132px;\"><span style=\"font-weight: 400;\">Asignatura Anual<\/span><\/td>\n<\/tr>\n<tr>\n<td style=\"width: 316px;\"><span style=\"font-weight: 400;\">Literatura en el Nivel Inicial<\/span><\/td>\n<td style=\"width: 132px;\"><span style=\"font-weight: 400;\">Asignatura Anual<\/span><\/td>\n<\/tr>\n<tr>\n<td style=\"width: 316px;\"><span style=\"font-weight: 400;\">Ciencias Sociales y su Did\u00e1ctica<\/span><\/td>\n<td style=\"width: 132px;\"><span style=\"font-weight: 400;\">Asignatura Anual<\/span><\/td>\n<\/tr>\n<tr>\n<td style=\"width: 316px;\"><span style=\"font-weight: 400;\">Educaci\u00f3n para la Salud<\/span><\/p>\n<p><span style=\"font-weight: 400;\">Ciencias Naturales<\/span><\/p>\n<p><span style=\"font-weight: 400;\">Educaci\u00f3n Ambiental<\/span><\/td>\n<td style=\"width: 132px;\"><span style=\"font-weight: 400;\">Seminario 1\u00b0 Cuatrimestre<\/span><\/p>\n<p><span style=\"font-weight: 400;\">Seminario 2\u00b0 Cuatrimestre<\/span><\/td>\n<\/tr>\n<tr>\n<td style=\"width: 316px;\"><span style=\"font-weight: 400;\">Educaci\u00f3n F\u00edsica en JM y JI<\/span><\/p>\n<p>Seminario II: Educaci\u00f3n Rural<\/td>\n<td style=\"width: 132px;\"><span style=\"font-weight: 400;\">Taller Anual<\/span><\/p>\n<p>Seminario<\/td>\n<\/tr>\n<\/tbody>\n<\/table>\n<table style=\"border-color: #f50ced; margin-left: auto; margin-right: auto;\" border=\"1\">\n<tbody>\n<tr style=\"background-color: #d98ede;\">\n<td colspan=\"2\">\n<p style=\"text-align: center;\"><strong>CUARTO A\u00d1O<\/strong><\/p>\n<\/td>\n<\/tr>\n<tr>\n<td colspan=\"2\">\n<p style=\"text-align: center;\"><strong>CAMPO DE LA FORMACI\u00d3N GENERAL<\/strong><\/p>\n<\/td>\n<\/tr>\n<tr>\n<td><span style=\"font-weight: 400;\">\u00c9tica y Construcci\u00f3n Ciudadana<\/span><\/td>\n<td><span style=\"font-weight: 400;\">Seminaria Anual<\/span><\/td>\n<\/tr>\n<tr>\n<td colspan=\"2\">\n<p style=\"text-align: center;\"><strong>CAMPO DE LA PR\u00c1CTICA DOCENTE<\/strong><\/p>\n<\/td>\n<\/tr>\n<tr>\n<td><span style=\"font-weight: 400;\">Pr\u00e1ctica Docente IV y Residencia: Recrear las Pr\u00e1cticas Docentes<\/span><\/td>\n<td><span style=\"font-weight: 400;\">Seminario Anual<\/span><\/td>\n<\/tr>\n<tr>\n<td colspan=\"2\">\n<p style=\"text-align: center;\"><strong>CAMPO DE LA FORMACI\u00d3N ESPEC\u00cdFICA<\/strong><\/p>\n<\/td>\n<\/tr>\n<tr>\n<td><span style=\"font-weight: 400;\">Problem\u00e1ticas y Desaf\u00edos del Nivel Inicial: JM y JI<\/span><\/td>\n<td><span style=\"font-weight: 400;\">Seminario Anual<\/span><\/td>\n<\/tr>\n<tr>\n<td><span style=\"font-weight: 400;\">Educaci\u00f3n Art\u00edstica: Teatro <\/span><\/td>\n<td><span style=\"font-weight: 400;\">Taller Anual<\/span><\/td>\n<\/tr>\n<tr>\n<td><span style=\"font-weight: 400;\">Educaci\u00f3n Sexual Integral<\/span><\/p>\n<p>Trabajo de campo<\/td>\n<td><span style=\"font-weight: 400;\">Seminario Anual<\/span><\/p>\n<p>Seminario Anual<\/td>\n<\/tr>\n<\/tbody>\n<\/table>\n","protected":false},"excerpt":{"rendered":"<p>PRIMER A\u00d1O CAMPO DE LA FORMACI\u00d3N GENERAL Pedagog\u00eda Asignatura Anual Problem\u00e1ticas Socioantropol\u00f3gicas en Educaci\u00f3n Seminario Anual Psicolog\u00eda y Educaci\u00f3n Asignatura Anual Argentina en el Mundo Contempor\u00e1neo Asignatura Anual Lenguaje Digital y Audiovisual Taller Anual Lenguaje Corporal Taller Anual CAMPO DE LA PR\u00c1CTICA DOCENTE Pr\u00e1ctica Docente I: Contextos y Pr\u00e1cticas Educativas Seminario Anual Taller Integrador CAMPO &#8230; <a title=\"Plan de Estudio\" class=\"read-more\" href=\"https:\/\/isfdsalotti-cba.infd.edu.ar\/sitio\/plan-de-estudio-2\/\" aria-label=\"More on Plan de Estudio\">[+]<\/a><\/p>\n","protected":false},"author":176,"featured_media":0,"parent":0,"menu_order":0,"comment_status":"closed","ping_status":"closed","template":"","meta":[],"acf":[],"_links":{"self":[{"href":"https:\/\/isfdsalotti-cba.infd.edu.ar\/sitio\/wp-json\/wp\/v2\/pages\/792"}],"collection":[{"href":"https:\/\/isfdsalotti-cba.infd.edu.ar\/sitio\/wp-json\/wp\/v2\/pages"}],"about":[{"href":"https:\/\/isfdsalotti-cba.infd.edu.ar\/sitio\/wp-json\/wp\/v2\/types\/page"}],"author":[{"embeddable":true,"href":"https:\/\/isfdsalotti-cba.infd.edu.ar\/sitio\/wp-json\/wp\/v2\/users\/176"}],"replies":[{"embeddable":true,"href":"https:\/\/isfdsalotti-cba.infd.edu.ar\/sitio\/wp-json\/wp\/v2\/comments?post=792"}],"version-history":[{"count":1,"href":"https:\/\/isfdsalotti-cba.infd.edu.ar\/sitio\/wp-json\/wp\/v2\/pages\/792\/revisions"}],"predecessor-version":[{"id":1091,"href":"https:\/\/isfdsalotti-cba.infd.edu.ar\/sitio\/wp-json\/wp\/v2\/pages\/792\/revisions\/1091"}],"wp:attachment":[{"href":"https:\/\/isfdsalotti-cba.infd.edu.ar\/sitio\/wp-json\/wp\/v2\/media?parent=792"}],"curies":[{"name":"wp","href":"https:\/\/api.w.org\/{rel}","templated":true}]}}