{"id":778,"date":"2018-06-28T01:33:15","date_gmt":"2018-06-28T04:33:15","guid":{"rendered":"https:\/\/isfdsalotti-cba.infd.edu.ar\/sitio\/plan-de-estudios\/"},"modified":"2025-06-05T20:31:24","modified_gmt":"2025-06-05T23:31:24","slug":"plan-de-estudios","status":"publish","type":"page","link":"https:\/\/isfdsalotti-cba.infd.edu.ar\/sitio\/plan-de-estudios\/","title":{"rendered":"Plan de estudios"},"content":{"rendered":"<p style=\"text-align: center;\"><strong>PROFESORADO DE EDUCACI\u00d3N PRIMARIA\u00a0<\/strong><\/p>\n<table style=\"height: 622px; border-color: #02f707; margin-left: auto; margin-right: auto;\" border=\"1\" width=\"401\">\n<tbody>\n<tr style=\"background-color: #72e66a;\">\n<td style=\"width: 391px;\" colspan=\"2\">\n<p style=\"text-align: center;\"><strong>PRIMER A\u00d1O<\/strong><\/p>\n<\/td>\n<\/tr>\n<tr>\n<td style=\"width: 391px;\" colspan=\"2\">\n<p style=\"text-align: center;\"><strong>CAMPO DE LA FORMACI\u00d3N GENERAL<\/strong><\/p>\n<\/td>\n<\/tr>\n<tr>\n<td style=\"width: 284px;\">Pedagog\u00eda<\/td>\n<td style=\"width: 101px;\">Asignatura Anual<\/td>\n<\/tr>\n<tr>\n<td style=\"width: 284px;\">Problem\u00e1ticas Socioantropol\u00f3gicas en Educaci\u00f3n<\/td>\n<td style=\"width: 101px;\">Seminario Anual<\/td>\n<\/tr>\n<tr>\n<td style=\"width: 284px;\">Psicolog\u00eda y Educaci\u00f3n<\/td>\n<td style=\"width: 101px;\">Asignatura Anual<\/td>\n<\/tr>\n<tr>\n<td style=\"width: 284px;\">Argentina en el Mundo Contempor\u00e1neo<\/td>\n<td style=\"width: 101px;\">Asignatura Anual<\/td>\n<\/tr>\n<tr>\n<td style=\"width: 284px;\">Lenguaje Digital y Audiovisual<\/td>\n<td style=\"width: 101px;\">Taller Anual<\/td>\n<\/tr>\n<tr>\n<td style=\"width: 284px;\">Lenguaje Corporal<\/td>\n<td style=\"width: 101px;\">Taller Anual<\/td>\n<\/tr>\n<tr>\n<td style=\"width: 391px;\" colspan=\"2\">\n<p style=\"text-align: center;\"><strong>CAMPO DE LA PR\u00c1CTICA DOCENTE<\/strong><\/p>\n<\/td>\n<\/tr>\n<tr>\n<td style=\"width: 284px;\">Pr\u00e1ctica Docente I:<\/p>\n<p>Contextos y Pr\u00e1cticas Educativas<\/td>\n<td style=\"width: 101px;\">Seminario<\/p>\n<p>Taller Integrador<\/td>\n<\/tr>\n<tr>\n<td style=\"width: 391px;\" colspan=\"2\">\n<p style=\"text-align: center;\"><strong>CAMPO DE LA FORMACI\u00d3N ESPEC\u00cdFICA<\/strong><\/p>\n<\/td>\n<\/tr>\n<tr>\n<td style=\"width: 284px;\">Desarrollo del Pensamiento Matem\u00e1tico<\/td>\n<td style=\"width: 101px;\">Taller Anual<\/td>\n<\/tr>\n<tr>\n<td style=\"width: 284px;\">Oralidad, Lectura y Escritura<\/td>\n<td style=\"width: 101px;\">Taller Anual<\/td>\n<\/tr>\n<tr>\n<td style=\"width: 284px;\">Alfabetizaci\u00f3n en Lengua Inglesa<\/td>\n<td style=\"width: 101px;\">Seminario Anual<\/td>\n<\/tr>\n<\/tbody>\n<\/table>\n<table style=\"height: 608px; border-color: #02f700; margin-left: auto; margin-right: auto;\" border=\"1\" width=\"401\">\n<tbody>\n<tr style=\"background-color: #72e600;\">\n<td style=\"width: 391px;\" colspan=\"2\">\n<p style=\"text-align: center;\"><strong>SEGUNDO A\u00d1O<\/strong><\/p>\n<\/td>\n<\/tr>\n<tr>\n<td style=\"width: 391px;\" colspan=\"2\">\n<p style=\"text-align: center;\"><strong>CAMPO DE LA FORMACI\u00d3N GENERAL<\/strong><\/p>\n<\/td>\n<\/tr>\n<tr>\n<td style=\"width: 287px;\"><span style=\"font-weight: 400;\">Filosof\u00eda y Educaci\u00f3n<\/span><\/td>\n<td style=\"width: 98px;\"><span style=\"font-weight: 400;\">Asignatura Anual<\/span><\/td>\n<\/tr>\n<tr>\n<td style=\"width: 287px;\"><span style=\"font-weight: 400;\">Did\u00e1ctica General<\/span><\/td>\n<td style=\"width: 98px;\"><span style=\"font-weight: 400;\">Asignatura Anual<\/span><\/td>\n<\/tr>\n<tr>\n<td style=\"width: 287px;\"><span style=\"font-weight: 400;\">Lenguaje Art\u00edstico Expresivo<\/span><\/td>\n<td style=\"width: 98px;\"><span style=\"font-weight: 400;\">Taller Anual<\/span><\/td>\n<\/tr>\n<tr>\n<td style=\"width: 391px;\" colspan=\"2\">\n<p style=\"text-align: center;\"><strong>CAMPO DE LA PR\u00c1CTICA DOCENTE<\/strong><\/p>\n<\/td>\n<\/tr>\n<tr>\n<td style=\"width: 287px;\"><span style=\"font-weight: 400;\">Pr\u00e1ctica Docente II:<\/span><\/p>\n<p><span style=\"font-weight: 400;\">Escuelas, Historias Documentadas y Cotidianeidad<\/span><\/td>\n<td style=\"width: 98px;\"><span style=\"font-weight: 400;\">Seminario Anual<\/span><\/p>\n<p><span style=\"font-weight: 400;\">Taller Integrador<\/span><\/td>\n<\/tr>\n<tr>\n<td style=\"width: 391px;\" colspan=\"2\">\n<p style=\"text-align: center;\"><strong>CAMPO DE LA FORMACI\u00d3N ESPEC\u00cdFICA<\/strong><\/p>\n<\/td>\n<\/tr>\n<tr>\n<td style=\"width: 287px;\"><span style=\"font-weight: 400;\">Matem\u00e1tica y su Did\u00e1ctica I<\/span><\/td>\n<td style=\"width: 98px;\"><span style=\"font-weight: 400;\">Asignatura Anual<\/span><\/td>\n<\/tr>\n<tr>\n<td style=\"width: 287px;\"><span style=\"font-weight: 400;\">Lengua y su Did\u00e1ctica<\/span><\/td>\n<td style=\"width: 98px;\"><span style=\"font-weight: 400;\">Asignatura Anual<\/span><\/td>\n<\/tr>\n<tr>\n<td style=\"width: 287px;\"><span style=\"font-weight: 400;\">Ciencias Naturales y su Did\u00e1ctica I<\/span><\/td>\n<td style=\"width: 98px;\"><span style=\"font-weight: 400;\">Asignatura Anual<\/span><\/td>\n<\/tr>\n<tr>\n<td style=\"width: 287px;\"><span style=\"font-weight: 400;\">Ciencias Sociales y su Did\u00e1ctica I<\/span><\/td>\n<td style=\"width: 98px;\"><span style=\"font-weight: 400;\">Asignatura Anual<\/span><\/td>\n<\/tr>\n<tr>\n<td style=\"width: 287px;\"><span style=\"font-weight: 400;\">Sujetos de la Educaci\u00f3n y Convivencia Escolar<\/span><\/td>\n<td style=\"width: 98px;\"><span style=\"font-weight: 400;\">Seminario Anual<\/span><\/td>\n<\/tr>\n<tr>\n<td style=\"width: 287px;\"><span style=\"font-weight: 400;\">Seminario I: Lengua Extranjera Ingl\u00e9s<\/span><\/td>\n<td style=\"width: 98px;\"><span style=\"font-weight: 400;\">Seminario Anual<\/span><\/td>\n<\/tr>\n<\/tbody>\n<\/table>\n<table style=\"height: 663px; border-color: #02f700; margin-left: auto; margin-right: auto;\" border=\"1\" width=\"397\">\n<tbody>\n<tr style=\"background-color: #72e600;\">\n<td style=\"width: 387px;\" colspan=\"2\">\n<p style=\"text-align: center;\"><strong>TERCER A\u00d1O<\/strong><\/p>\n<\/td>\n<\/tr>\n<tr>\n<td style=\"width: 387px;\" colspan=\"2\">\n<p style=\"text-align: center;\"><strong>CAMPO DE LA FORMACI\u00d3N GENERAL<\/strong><\/p>\n<\/td>\n<\/tr>\n<tr>\n<td style=\"width: 273px;\"><span style=\"font-weight: 400;\">Historia y Pol\u00edtica de la Educaci\u00f3n Argentina<\/span><\/td>\n<td style=\"width: 108px;\"><span style=\"font-weight: 400;\">Asignatura Anual<\/span><\/td>\n<\/tr>\n<tr>\n<td style=\"width: 387px;\" colspan=\"2\">\n<p style=\"text-align: center;\"><strong>CAMPO DE LA FORMACI\u00d3N DOCENTE<\/strong><\/p>\n<\/td>\n<\/tr>\n<tr>\n<td style=\"width: 273px;\"><span style=\"font-weight: 400;\">Pr\u00e1ctica Docente III:<\/span><\/p>\n<p><span style=\"font-weight: 400;\">El aula, Espacio del Aprender y del Ense\u00f1ar<\/span><\/td>\n<td style=\"width: 108px;\"><span style=\"font-weight: 400;\">Seminario Anual<\/span><\/p>\n<p><span style=\"font-weight: 400;\">Taller Integrador<\/span><\/td>\n<\/tr>\n<tr>\n<td style=\"width: 387px;\" colspan=\"2\">\n<p style=\"text-align: center;\"><strong>CAMPO DE LA FORMACI\u00d3N ESPEC\u00cdFICA<\/strong><\/p>\n<\/td>\n<\/tr>\n<tr>\n<td style=\"width: 273px;\"><span style=\"font-weight: 400;\">Matem\u00e1tica y su Did\u00e1ctica II<\/span><\/td>\n<td style=\"width: 108px;\"><span style=\"font-weight: 400;\">Asignatura Anual<\/span><\/td>\n<\/tr>\n<tr>\n<td style=\"width: 273px;\"><span style=\"font-weight: 400;\">Literatura en el Nivel Primario<\/span><\/td>\n<td style=\"width: 108px;\"><span style=\"font-weight: 400;\">Asignatura Anual<\/span><\/td>\n<\/tr>\n<tr>\n<td style=\"width: 273px;\"><span style=\"font-weight: 400;\">Alfabetizaci\u00f3n Inicial<\/span><\/td>\n<td style=\"width: 108px;\"><span style=\"font-weight: 400;\">Seminario Anual<\/span><\/td>\n<\/tr>\n<tr>\n<td style=\"width: 273px;\"><span style=\"font-weight: 400;\">Ciencias Naturales y su Did\u00e1ctica II<\/span><\/td>\n<td style=\"width: 108px;\"><span style=\"font-weight: 400;\">Asignatura Anual<\/span><\/td>\n<\/tr>\n<tr>\n<td style=\"width: 273px;\"><span style=\"font-weight: 400;\">Taller de Ciencias en la Escuela*<\/span><\/td>\n<td style=\"width: 108px;\"><span style=\"font-weight: 400;\">Taller Anual<\/span><\/td>\n<\/tr>\n<tr>\n<td style=\"width: 273px;\"><span style=\"font-weight: 400;\">Ciencias Sociales y su Did\u00e1ctica II<\/span><\/td>\n<td style=\"width: 108px;\"><span style=\"font-weight: 400;\">Asignatura Anual<\/span><\/td>\n<\/tr>\n<tr>\n<td style=\"width: 273px;\"><span style=\"font-weight: 400;\">Educaci\u00f3n Art\u00edstico Expresiva<\/span><\/td>\n<td style=\"width: 108px;\"><span style=\"font-weight: 400;\">Taller Integrador<\/span><\/td>\n<\/tr>\n<tr>\n<td style=\"width: 273px;\"><span style=\"font-weight: 400;\">TIC y la Ense\u00f1anza en el Nivel Primario<\/span><\/td>\n<td style=\"width: 108px;\"><span style=\"font-weight: 400;\">Seminario Anual<\/span><\/td>\n<\/tr>\n<tr>\n<td style=\"width: 273px;\"><span style=\"font-weight: 400;\">Seminario II: Lengua Extranjera Ingl\u00e9s<\/span><\/td>\n<td style=\"width: 108px;\"><span style=\"font-weight: 400;\">Seminario Anual<\/span><\/td>\n<\/tr>\n<\/tbody>\n<\/table>\n<ul>\n<li>Taller abordado en forma conjunta por los docentes de Ciencias Sociales y Naturales.<\/li>\n<\/ul>\n<table style=\"height: 409px; border-color: #02f700; margin-left: auto; margin-right: auto; width: 398.5px;\" border=\"1\">\n<tbody>\n<tr style=\"background-color: #72e600;\">\n<td style=\"width: 384.5px;\" colspan=\"2\">\n<p style=\"text-align: center;\"><strong>CUARTO A\u00d1O<\/strong><\/p>\n<\/td>\n<\/tr>\n<tr>\n<td style=\"width: 384.5px;\" colspan=\"2\">\n<p style=\"text-align: center;\"><strong>CAMPO DE LA FORMACI\u00d3N GENERAL<\/strong><\/p>\n<\/td>\n<\/tr>\n<tr>\n<td style=\"width: 278px;\"><span style=\"font-weight: 400;\">\u00c9tica y Construcci\u00f3n de Ciudadan\u00eda<\/span><\/td>\n<td style=\"width: 106.5px;\"><span style=\"font-weight: 400;\">Seminario Anual<\/span><\/td>\n<\/tr>\n<tr>\n<td style=\"width: 278px;\"><span style=\"font-weight: 400;\">Pr\u00e1ctica Docente IV y Residencia:<\/span><\/p>\n<p><span style=\"font-weight: 400;\">Recrear las Pr\u00e1cticas Docentes<\/span><\/td>\n<td style=\"width: 106.5px;\"><span style=\"font-weight: 400;\">Seminario Anual<\/span><\/td>\n<\/tr>\n<tr>\n<td style=\"width: 384.5px;\" colspan=\"2\">\n<p style=\"text-align: center;\"><strong>CAMPO DE LA FORMACI\u00d3N ESPEC\u00cdFICA<\/strong><\/p>\n<\/td>\n<\/tr>\n<tr>\n<td style=\"width: 278px;\"><span style=\"font-weight: 400;\">Problem\u00e1ticas y Desaf\u00edos del Nivel Primario<\/span><\/td>\n<td style=\"width: 106.5px;\"><span style=\"font-weight: 400;\">Seminario Anual<\/span><\/td>\n<\/tr>\n<tr>\n<td style=\"width: 278px;\"><span style=\"font-weight: 400;\">Educaci\u00f3n F\u00edsica en el Nivel Primario<\/span><\/td>\n<td style=\"width: 106.5px;\"><span style=\"font-weight: 400;\">Taller Anual<\/span><\/td>\n<\/tr>\n<tr>\n<td style=\"width: 278px;\"><span style=\"font-weight: 400;\">Educaci\u00f3n Sexual Integral<\/span><\/p>\n<p>Trabajo de campo<\/td>\n<td style=\"width: 106.5px;\"><span style=\"font-weight: 400;\">Seminario Anual<\/span><\/p>\n<p>Seminario anual<\/td>\n<\/tr>\n<\/tbody>\n<\/table>\n","protected":false},"excerpt":{"rendered":"<p>PROFESORADO DE EDUCACI\u00d3N PRIMARIA\u00a0 PRIMER A\u00d1O CAMPO DE LA FORMACI\u00d3N GENERAL Pedagog\u00eda Asignatura Anual Problem\u00e1ticas Socioantropol\u00f3gicas en Educaci\u00f3n Seminario Anual Psicolog\u00eda y Educaci\u00f3n Asignatura Anual Argentina en el Mundo Contempor\u00e1neo Asignatura Anual Lenguaje Digital y Audiovisual Taller Anual Lenguaje Corporal Taller Anual CAMPO DE LA PR\u00c1CTICA DOCENTE Pr\u00e1ctica Docente I: Contextos y Pr\u00e1cticas Educativas Seminario &#8230; <a title=\"Plan de estudios\" class=\"read-more\" href=\"https:\/\/isfdsalotti-cba.infd.edu.ar\/sitio\/plan-de-estudios\/\" aria-label=\"More on Plan de estudios\">[+]<\/a><\/p>\n","protected":false},"author":176,"featured_media":0,"parent":0,"menu_order":0,"comment_status":"closed","ping_status":"closed","template":"","meta":[],"acf":[],"_links":{"self":[{"href":"https:\/\/isfdsalotti-cba.infd.edu.ar\/sitio\/wp-json\/wp\/v2\/pages\/778"}],"collection":[{"href":"https:\/\/isfdsalotti-cba.infd.edu.ar\/sitio\/wp-json\/wp\/v2\/pages"}],"about":[{"href":"https:\/\/isfdsalotti-cba.infd.edu.ar\/sitio\/wp-json\/wp\/v2\/types\/page"}],"author":[{"embeddable":true,"href":"https:\/\/isfdsalotti-cba.infd.edu.ar\/sitio\/wp-json\/wp\/v2\/users\/176"}],"replies":[{"embeddable":true,"href":"https:\/\/isfdsalotti-cba.infd.edu.ar\/sitio\/wp-json\/wp\/v2\/comments?post=778"}],"version-history":[{"count":7,"href":"https:\/\/isfdsalotti-cba.infd.edu.ar\/sitio\/wp-json\/wp\/v2\/pages\/778\/revisions"}],"predecessor-version":[{"id":1233,"href":"https:\/\/isfdsalotti-cba.infd.edu.ar\/sitio\/wp-json\/wp\/v2\/pages\/778\/revisions\/1233"}],"wp:attachment":[{"href":"https:\/\/isfdsalotti-cba.infd.edu.ar\/sitio\/wp-json\/wp\/v2\/media?parent=778"}],"curies":[{"name":"wp","href":"https:\/\/api.w.org\/{rel}","templated":true}]}}