{"id":776,"date":"2018-06-28T01:33:14","date_gmt":"2018-06-28T04:33:14","guid":{"rendered":"https:\/\/isfdsalotti-cba.infd.edu.ar\/sitio\/docentes\/"},"modified":"2023-08-14T20:50:06","modified_gmt":"2023-08-14T23:50:06","slug":"docentes","status":"publish","type":"page","link":"https:\/\/isfdsalotti-cba.infd.edu.ar\/sitio\/docentes\/","title":{"rendered":"Docentes"},"content":{"rendered":"<p style=\"text-align: center;\"><span style=\"text-decoration: underline;\"><span style=\"font-size: 18pt;\"><strong>Profesores del Instituto<\/strong><\/span><\/span><\/p>\n\n\n<figure class=\"wp-block-table aligncenter\"><table><tbody><tr><td class=\"has-text-align-center\" data-align=\"center\"><strong>ABBA SANDRA<\/strong><\/td><\/tr><tr><td class=\"has-text-align-center\" data-align=\"center\"><strong>\u00c1VALOS ANDREA<\/strong><\/td><\/tr><tr><td class=\"has-text-align-center\" data-align=\"center\"><strong>ARAG\u00d3N M. EUGENIA<\/strong><\/td><\/tr><tr><td class=\"has-text-align-center\" data-align=\"center\"><strong>BANCHIO CELESTE<\/strong><\/td><\/tr><tr><td class=\"has-text-align-center\" data-align=\"center\">                                    <strong>   BIANCOTTI ELIANA    <\/strong>                                   <\/td><\/tr><tr><td class=\"has-text-align-center\" data-align=\"center\"><strong>BIANCOTTI ESTELA<\/strong><\/td><\/tr><tr><td class=\"has-text-align-center\" data-align=\"center\"><strong>BUCCI MAR\u00cdA EMILIA<\/strong><\/td><\/tr><tr><td class=\"has-text-align-center\" data-align=\"center\"><strong>BUCETTA ALEJANDRO<\/strong><\/td><\/tr><tr><td class=\"has-text-align-center\" data-align=\"center\"><strong>CAVALLERO M. VICTORIA<\/strong><\/td><\/tr><tr><td class=\"has-text-align-center\" data-align=\"center\"><strong>DAVICO DIANELA<\/strong><\/td><\/tr><tr><td class=\"has-text-align-center\" data-align=\"center\"><strong>DIAZ NANCY<\/strong><\/td><\/tr><tr><td class=\"has-text-align-center\" data-align=\"center\"><strong>GANCHEGUI LUCIA<\/strong><\/td><\/tr><tr><td class=\"has-text-align-center\" data-align=\"center\"><strong>DOMINGUEZ NATALIA<\/strong><\/td><\/tr><tr><td class=\"has-text-align-center\" data-align=\"center\"><strong>GRECO MARIANA<\/strong><\/td><\/tr><tr><td class=\"has-text-align-center\" data-align=\"center\"><strong>MARTINEZ DANIEL<\/strong><\/td><\/tr><tr><td class=\"has-text-align-center\" data-align=\"center\"><strong>M\u00c1RQUEZ FABIANA<\/strong><\/td><\/tr><tr><td class=\"has-text-align-center\" data-align=\"center\"><strong>MERLO MARTINA<\/strong><\/td><\/tr><tr><td class=\"has-text-align-center\" data-align=\"center\"><strong>NANT MALENA<\/strong><\/td><\/tr><tr><td class=\"has-text-align-center\" data-align=\"center\"><strong>NOELLO ORNELLA<\/strong><\/td><\/tr><tr><td class=\"has-text-align-center\" data-align=\"center\"><strong>ONORIAGA MARIANA<\/strong><\/td><\/tr><tr><td class=\"has-text-align-center\" data-align=\"center\"><strong>PAG\u00c1N MALVINA<\/strong><\/td><\/tr><tr><td class=\"has-text-align-center\" data-align=\"center\"><strong>SICARDI LEONARDO<\/strong><\/td><\/tr><tr><td class=\"has-text-align-center\" data-align=\"center\"><strong>TOSELLO MARIANA<\/strong><\/td><\/tr><tr><td class=\"has-text-align-center\" data-align=\"center\"><strong>TRUCCO PATRICIA<\/strong><\/td><\/tr><tr><td class=\"has-text-align-center\" data-align=\"center\"><strong>VALLI CARLOS<\/strong><\/td><\/tr><\/tbody><\/table><\/figure>\n","protected":false},"excerpt":{"rendered":"<p>Profesores del Instituto ABBA SANDRA \u00c1VALOS ANDREA ARAG\u00d3N M. EUGENIA BANCHIO CELESTE BIANCOTTI ELIANA BIANCOTTI ESTELA BUCCI MAR\u00cdA EMILIA BUCETTA ALEJANDRO CAVALLERO M. VICTORIA DAVICO DIANELA DIAZ NANCY GANCHEGUI LUCIA DOMINGUEZ NATALIA GRECO MARIANA MARTINEZ DANIEL M\u00c1RQUEZ FABIANA MERLO MARTINA NANT MALENA NOELLO ORNELLA ONORIAGA MARIANA PAG\u00c1N MALVINA SICARDI LEONARDO TOSELLO MARIANA TRUCCO PATRICIA VALLI &#8230; <a title=\"Docentes\" class=\"read-more\" href=\"https:\/\/isfdsalotti-cba.infd.edu.ar\/sitio\/docentes\/\" aria-label=\"More on Docentes\">[+]<\/a><\/p>\n","protected":false},"author":176,"featured_media":0,"parent":0,"menu_order":0,"comment_status":"closed","ping_status":"closed","template":"","meta":[],"acf":[],"_links":{"self":[{"href":"https:\/\/isfdsalotti-cba.infd.edu.ar\/sitio\/wp-json\/wp\/v2\/pages\/776"}],"collection":[{"href":"https:\/\/isfdsalotti-cba.infd.edu.ar\/sitio\/wp-json\/wp\/v2\/pages"}],"about":[{"href":"https:\/\/isfdsalotti-cba.infd.edu.ar\/sitio\/wp-json\/wp\/v2\/types\/page"}],"author":[{"embeddable":true,"href":"https:\/\/isfdsalotti-cba.infd.edu.ar\/sitio\/wp-json\/wp\/v2\/users\/176"}],"replies":[{"embeddable":true,"href":"https:\/\/isfdsalotti-cba.infd.edu.ar\/sitio\/wp-json\/wp\/v2\/comments?post=776"}],"version-history":[{"count":5,"href":"https:\/\/isfdsalotti-cba.infd.edu.ar\/sitio\/wp-json\/wp\/v2\/pages\/776\/revisions"}],"predecessor-version":[{"id":1066,"href":"https:\/\/isfdsalotti-cba.infd.edu.ar\/sitio\/wp-json\/wp\/v2\/pages\/776\/revisions\/1066"}],"wp:attachment":[{"href":"https:\/\/isfdsalotti-cba.infd.edu.ar\/sitio\/wp-json\/wp\/v2\/media?parent=776"}],"curies":[{"name":"wp","href":"https:\/\/api.w.org\/{rel}","templated":true}]}}