{"id":286,"date":"2016-10-31T13:17:59","date_gmt":"2016-10-31T16:17:59","guid":{"rendered":"https:\/\/isfdsalotti-cba.infd.edu.ar\/sitio\/?page_id=286"},"modified":"2025-12-02T22:47:32","modified_gmt":"2025-12-03T01:47:32","slug":"inicio","status":"publish","type":"page","link":"https:\/\/isfdsalotti-cba.infd.edu.ar\/sitio\/","title":{"rendered":"I.S.F.D. \u00abMartha A. Salotti\u00bb"},"content":{"rendered":"<h1 style=\"text-align: center;\"><span style=\"color: #17521b;\"><img decoding=\"async\" loading=\"lazy\" class=\"alignnone size-full wp-image-706\" src=\"https:\/\/isfdsalotti-cba.infd.edu.ar\/sitio\/wp-content\/uploads\/2018\/06\/DSC00395.jpg\" alt=\"\" width=\"448\" height=\"336\" \/><img decoding=\"async\" loading=\"lazy\" class=\"size-full wp-image-870 aligncenter\" src=\"https:\/\/isfdsalotti-cba.infd.edu.ar\/sitio\/wp-content\/uploads\/2018\/11\/logo.png\" alt=\"\" width=\"140\" height=\"113\" \/><strong><span style=\"color: #ff6600;\">Instituto Superior de Formaci\u00f3n Docente <\/span><\/strong><\/span><\/h1>\n<h1 style=\"text-align: center;\"><strong><span style=\"color: #ff6600;\">\u00abMartha A. Salotti\u00bb<\/span><\/strong><\/h1>\n<div style=\"text-align: center;\">\n<div>\n<h3 style=\"padding: 0px; margin: 3px;\"><a style=\"font: normal 18px,arial;\" href=\"https:\/\/www.youtube.com\/watch?v=FZM3mgSoDjE\" target=\"_blank\" rel=\"noopener\">https:\/\/www.youtube.com\/watch?v=FZM3mgSoDjE<\/a><\/h3>\n<h3 style=\"padding: 0px; margin: 3px;\">\u00a0<\/h3>\n<\/div>\n<h3>El Instituto Superior de Formaci\u00f3n Docente \u00abMartha A Salotti\u00bb forma parte del sistema de educaci\u00f3n p\u00fablica de gesti\u00f3n estatal.<\/h3>\n<\/div>\n<h4><strong>Carreras que ofrece en Jovita:<\/strong><\/h4>\n<ul>\n<li>\n<h6>Profesorado de Educaci\u00f3n Primaria.<\/h6>\n<\/li>\n<li>\n<h6>Profesorado de Educaci\u00f3n Inicial (A t\u00e9rmino)<\/h6>\n<\/li>\n<li>\n<h4>Anexo Huinca Renanc\u00f3 (Carreras a T\u00e9rmino)<\/h4>\n<ul>\n<li>\n<h6>Profesorado de Educaci\u00f3n Secundaria en Lengua y Literatura (1\u00ba a\u00f1o)<\/h6>\n<\/li>\n<li>\n<h6>Profesorado de Educaci\u00f3n Secundaria en Matem\u00e1tica (2\u00ba a\u00f1o)<\/h6>\n<\/li>\n<\/ul>\n<\/li>\n<li>\n<h4>Extensi\u00f3n A\u00falica Vicu\u00f1a Mackenna (Carreras a T\u00e9rmino)<\/h4>\n<ul>\n<li>\n<h6>Profesorado de Educaci\u00f3n Primaria (4\u00ba a\u00f1o)<\/h6>\n<\/li>\n<li>\n<h6>Profesorado de Educaci\u00f3n Inicial (3\u00ba a\u00f1o)<\/h6>\n<\/li>\n<\/ul>\n<\/li>\n<\/ul>\n<pre>\u00a0<\/pre>\n<p><span style=\"color: #339966; font-family: arial, helvetica, sans-serif;\"><span style=\"font-size: 24px;\">\u00a0<\/span><\/span><\/p>\n","protected":false},"excerpt":{"rendered":"<p>Instituto Superior de Formaci\u00f3n Docente \u00abMartha A. Salotti\u00bb https:\/\/www.youtube.com\/watch?v=FZM3mgSoDjE \u00a0 El Instituto Superior de Formaci\u00f3n Docente \u00abMartha A Salotti\u00bb forma parte del sistema de educaci\u00f3n p\u00fablica de gesti\u00f3n estatal. Carreras que ofrece en Jovita: Profesorado de Educaci\u00f3n Primaria. Profesorado de Educaci\u00f3n Inicial (A t\u00e9rmino) Anexo Huinca Renanc\u00f3 (Carreras a T\u00e9rmino) Profesorado de Educaci\u00f3n Secundaria en &#8230; <a title=\"I.S.F.D. \u00abMartha A. Salotti\u00bb\" class=\"read-more\" href=\"https:\/\/isfdsalotti-cba.infd.edu.ar\/sitio\/\" aria-label=\"More on I.S.F.D. \u00abMartha A. Salotti\u00bb\">[+]<\/a><\/p>\n","protected":false},"author":339,"featured_media":0,"parent":0,"menu_order":0,"comment_status":"closed","ping_status":"closed","template":"","meta":[],"acf":[],"_links":{"self":[{"href":"https:\/\/isfdsalotti-cba.infd.edu.ar\/sitio\/wp-json\/wp\/v2\/pages\/286"}],"collection":[{"href":"https:\/\/isfdsalotti-cba.infd.edu.ar\/sitio\/wp-json\/wp\/v2\/pages"}],"about":[{"href":"https:\/\/isfdsalotti-cba.infd.edu.ar\/sitio\/wp-json\/wp\/v2\/types\/page"}],"author":[{"embeddable":true,"href":"https:\/\/isfdsalotti-cba.infd.edu.ar\/sitio\/wp-json\/wp\/v2\/users\/339"}],"replies":[{"embeddable":true,"href":"https:\/\/isfdsalotti-cba.infd.edu.ar\/sitio\/wp-json\/wp\/v2\/comments?post=286"}],"version-history":[{"count":118,"href":"https:\/\/isfdsalotti-cba.infd.edu.ar\/sitio\/wp-json\/wp\/v2\/pages\/286\/revisions"}],"predecessor-version":[{"id":1278,"href":"https:\/\/isfdsalotti-cba.infd.edu.ar\/sitio\/wp-json\/wp\/v2\/pages\/286\/revisions\/1278"}],"wp:attachment":[{"href":"https:\/\/isfdsalotti-cba.infd.edu.ar\/sitio\/wp-json\/wp\/v2\/media?parent=286"}],"curies":[{"name":"wp","href":"https:\/\/api.w.org\/{rel}","templated":true}]}}